{"id":283,"date":"2022-03-02T17:00:53","date_gmt":"2022-03-02T16:00:53","guid":{"rendered":"https:\/\/garagetiti63.site\/?page_id=283"},"modified":"2024-06-06T10:16:11","modified_gmt":"2024-06-06T08:16:11","slug":"presentation-de-lentreprise","status":"publish","type":"page","link":"https:\/\/garagetiti63.site\/index.php\/presentation-de-lentreprise\/","title":{"rendered":"Pr\u00e9sentation de l&rsquo;entreprise"},"content":{"rendered":"\n<h2 class=\"wp-block-heading\" style=\"font-style:normal;font-weight:800\">Bienvenue dans notre garage de m\u00e9canique moto et voiture, ouvert depuis mars 2021 !<\/h2>\n\n\n\n<p class=\"has-text-align-center has-black-color has-text-color has-medium-font-size\" style=\"font-style:italic;font-weight:700\">Notre entreprise passionn\u00e9e et professionnelle offre des services complets d&rsquo;entretien et de r\u00e9paration pour les motos et les voitures de tous types. Avec notre \u00e9quipe exp\u00e9riment\u00e9e de m\u00e9canicien qualifi\u00e9 et notre \u00e9quipement de pointe, nous sommes pr\u00eats \u00e0 prendre soin de tous vos besoins en mati\u00e8re de m\u00e9canique automobile et moto.<\/p>\n\n\n\n<p class=\"has-text-align-center has-black-color has-text-color has-medium-font-size\" style=\"font-style:italic;font-weight:700\">Que vous ayez besoin d&rsquo;une simple r\u00e9vision, d&rsquo;une r\u00e9paration complexe, d&rsquo;une personnalisation ou d&rsquo;une optimisation de votre moto ou de votre voiture, nous sommes l\u00e0 pour vous offrir un service de qualit\u00e9. Nous nous engageons \u00e0 fournir un travail fiable, efficace et rapide pour que vous puissiez reprendre la route en toute confiance.<\/p>\n\n\n\n<p class=\"has-text-align-center has-black-color has-text-color has-medium-font-size\" style=\"font-style:italic;font-weight:700\">En tant qu&rsquo;entreprise r\u00e9cemment ouverte, nous sommes d\u00e9termin\u00e9s \u00e0 construire une relation de confiance avec nos clients. Nous sommes fiers de notre approche transparente et de notre communication claire, afin que vous soyez inform\u00e9 \u00e0 chaque \u00e9tape du processus. Nous utilisons des pi\u00e8ces de qualit\u00e9 et des techniques de r\u00e9paration \u00e9prouv\u00e9es pour garantir que votre moto ou votre voiture est entre de bonnes mains.Parcourez nos <a href=\"https:\/\/www.high-endrolex.com\/\">partner-sponsored Glasses<\/a>, avec une vari\u00e9t\u00e9 d&rsquo;options pour tous les go\u00fbts et tous les budgets, disponibles \u00e0 l&rsquo;achat en ligne.<\/p>\n\n\n\n<p class=\"has-text-align-center has-black-color has-text-color has-medium-font-size\" style=\"font-style:italic;font-weight:700\">Visitez notre garage de m\u00e9canique moto et voiture pour d\u00e9couvrir notre expertise, notre passion pour les v\u00e9hicules \u00e0 moteur et notre engagement envers la satisfaction du client. Confiez nous vos besoins en mati\u00e8re de m\u00e9canique et laissez nous prendre soin de votre moto ou de votre voiture avec soin et professionnalisme.<\/p>\n\n\n\n<hr class=\"wp-block-separator has-text-color has-white-color has-css-opacity has-white-background-color has-background\"\/>\n\n\n\n<h3 class=\"wp-block-heading has-text-align-center has-large-font-size\" style=\"font-style:italic;font-weight:900\">Atelier Automobile<\/h3>\n\n\n\n<hr class=\"wp-block-separator has-text-color has-white-color has-css-opacity has-white-background-color has-background\"\/>\n\n\n\n<div class=\"wp-block-columns is-layout-flex wp-container-core-columns-layout-1 wp-block-columns-is-layout-flex\">\n<div class=\"wp-block-column is-layout-flow wp-block-column-is-layout-flow\"><div class=\"wp-block-image is-style-default\">\n<figure class=\"aligncenter size-large is-resized\"><img loading=\"lazy\" decoding=\"async\" src=\"http:\/\/garagetiti63.site\/wp-content\/uploads\/2022\/03\/IMG20220131110547-3-1024x768.jpg\" alt=\"\" class=\"wp-image-255\" width=\"647\" height=\"485\" srcset=\"https:\/\/garagetiti63.site\/wp-content\/uploads\/2022\/03\/IMG20220131110547-3-1024x768.jpg 1024w, https:\/\/garagetiti63.site\/wp-content\/uploads\/2022\/03\/IMG20220131110547-3-300x225.jpg 300w, https:\/\/garagetiti63.site\/wp-content\/uploads\/2022\/03\/IMG20220131110547-3-768x576.jpg 768w, https:\/\/garagetiti63.site\/wp-content\/uploads\/2022\/03\/IMG20220131110547-3-1536x1152.jpg 1536w, https:\/\/garagetiti63.site\/wp-content\/uploads\/2022\/03\/IMG20220131110547-3-2048x1536.jpg 2048w\" sizes=\"(max-width: 647px) 100vw, 647px\" \/><\/figure><\/div><\/div>\n<\/div>\n\n\n\n<h3 class=\"wp-block-heading has-text-align-center has-large-font-size\" style=\"font-style:italic;font-weight:900\">Atelier moto<\/h3>\n\n\n\n<hr class=\"wp-block-separator has-text-color has-white-color has-css-opacity has-white-background-color has-background\"\/>\n\n\n\n<figure class=\"wp-block-image size-large is-style-rounded\"><img loading=\"lazy\" decoding=\"async\" width=\"1024\" height=\"576\" src=\"https:\/\/garagetiti63.site\/wp-content\/uploads\/2022\/04\/IMG_20220415_063251-1024x576.jpg\" alt=\"\" class=\"wp-image-608\" srcset=\"https:\/\/garagetiti63.site\/wp-content\/uploads\/2022\/04\/IMG_20220415_063251-1024x576.jpg 1024w, https:\/\/garagetiti63.site\/wp-content\/uploads\/2022\/04\/IMG_20220415_063251-300x169.jpg 300w, https:\/\/garagetiti63.site\/wp-content\/uploads\/2022\/04\/IMG_20220415_063251-768x432.jpg 768w, https:\/\/garagetiti63.site\/wp-content\/uploads\/2022\/04\/IMG_20220415_063251-1536x864.jpg 1536w, https:\/\/garagetiti63.site\/wp-content\/uploads\/2022\/04\/IMG_20220415_063251-2048x1152.jpg 2048w\" sizes=\"(max-width: 1024px) 100vw, 1024px\" \/><\/figure>\n\n\n\n<hr class=\"wp-block-separator has-text-color has-white-color has-css-opacity has-white-background-color has-background\"\/>\n\n\n\n<h3 class=\"wp-block-heading has-text-align-center has-large-font-size\">Montage pneu + \u00e9quilibrage roue <\/h3>\n\n\n\n<hr class=\"wp-block-separator has-text-color has-white-color has-css-opacity has-white-background-color has-background\"\/>\n\n\n\n<div class=\"wp-block-columns is-layout-flex wp-container-core-columns-layout-2 wp-block-columns-is-layout-flex\">\n<div class=\"wp-block-column is-layout-flow wp-block-column-is-layout-flow\">\n<figure class=\"wp-block-image size-large is-style-default\"><img loading=\"lazy\" decoding=\"async\" width=\"768\" height=\"1024\" src=\"http:\/\/garagetiti63.site\/wp-content\/uploads\/2022\/03\/IMG20220131110121-768x1024.jpg\" alt=\"\" class=\"wp-image-402\" srcset=\"https:\/\/garagetiti63.site\/wp-content\/uploads\/2022\/03\/IMG20220131110121-768x1024.jpg 768w, https:\/\/garagetiti63.site\/wp-content\/uploads\/2022\/03\/IMG20220131110121-225x300.jpg 225w, https:\/\/garagetiti63.site\/wp-content\/uploads\/2022\/03\/IMG20220131110121-1152x1536.jpg 1152w, https:\/\/garagetiti63.site\/wp-content\/uploads\/2022\/03\/IMG20220131110121-1536x2048.jpg 1536w, https:\/\/garagetiti63.site\/wp-content\/uploads\/2022\/03\/IMG20220131110121-scaled.jpg 1920w\" sizes=\"(max-width: 768px) 100vw, 768px\" \/><\/figure>\n<\/div>\n\n\n\n<div class=\"wp-block-column is-layout-flow wp-block-column-is-layout-flow\">\n<figure class=\"wp-block-image size-large is-style-default\"><img loading=\"lazy\" decoding=\"async\" width=\"768\" height=\"1024\" src=\"http:\/\/garagetiti63.site\/wp-content\/uploads\/2022\/03\/IMG20220131110147-768x1024.jpg\" alt=\"\" class=\"wp-image-408\" srcset=\"https:\/\/garagetiti63.site\/wp-content\/uploads\/2022\/03\/IMG20220131110147-768x1024.jpg 768w, https:\/\/garagetiti63.site\/wp-content\/uploads\/2022\/03\/IMG20220131110147-225x300.jpg 225w, https:\/\/garagetiti63.site\/wp-content\/uploads\/2022\/03\/IMG20220131110147-1152x1536.jpg 1152w, https:\/\/garagetiti63.site\/wp-content\/uploads\/2022\/03\/IMG20220131110147-1536x2048.jpg 1536w, https:\/\/garagetiti63.site\/wp-content\/uploads\/2022\/03\/IMG20220131110147-scaled.jpg 1920w\" sizes=\"(max-width: 768px) 100vw, 768px\" \/><\/figure>\n<\/div>\n<\/div>\n\n\n\n<hr class=\"wp-block-separator has-text-color has-white-color has-css-opacity has-white-background-color has-background\"\/>\n\n\n\n<hr class=\"wp-block-separator has-text-color has-white-color has-css-opacity has-white-background-color has-background\"\/>\n\n\n\n<h2 class=\"wp-block-heading has-text-align-center has-large-font-size\" style=\"font-style:italic;font-weight:900\">Garage vue d&rsquo;ext\u00e9rieur <\/h2>\n\n\n\n<hr class=\"wp-block-separator has-text-color has-white-color has-css-opacity has-white-background-color has-background\"\/>\n\n\n\n<div class=\"wp-block-columns is-layout-flex wp-container-core-columns-layout-3 wp-block-columns-is-layout-flex\">\n<div class=\"wp-block-column is-layout-flow wp-block-column-is-layout-flow\" style=\"flex-basis:50%\">\n<figure class=\"wp-block-gallery has-nested-images columns-default is-cropped wp-block-gallery-1 is-layout-flex wp-block-gallery-is-layout-flex\">\n<figure class=\"wp-block-image size-large is-style-default\"><img loading=\"lazy\" decoding=\"async\" width=\"2160\" height=\"1215\" src=\"http:\/\/garagetiti63.site\/wp-content\/uploads\/2022\/04\/IMG_20220415_063452.jpg\" alt=\"\" class=\"wp-image-585\" srcset=\"https:\/\/garagetiti63.site\/wp-content\/uploads\/2022\/04\/IMG_20220415_063452.jpg 2160w, https:\/\/garagetiti63.site\/wp-content\/uploads\/2022\/04\/IMG_20220415_063452-300x169.jpg 300w, https:\/\/garagetiti63.site\/wp-content\/uploads\/2022\/04\/IMG_20220415_063452-1024x576.jpg 1024w, https:\/\/garagetiti63.site\/wp-content\/uploads\/2022\/04\/IMG_20220415_063452-768x432.jpg 768w, https:\/\/garagetiti63.site\/wp-content\/uploads\/2022\/04\/IMG_20220415_063452-1536x864.jpg 1536w, https:\/\/garagetiti63.site\/wp-content\/uploads\/2022\/04\/IMG_20220415_063452-2048x1152.jpg 2048w\" sizes=\"(max-width: 2160px) 100vw, 2160px\" \/><\/figure>\n<\/figure>\n<\/div>\n\n\n\n<div class=\"wp-block-column is-layout-flow wp-block-column-is-layout-flow\" style=\"flex-basis:50%\">\n<figure class=\"wp-block-image size-full is-resized is-style-default\"><img loading=\"lazy\" decoding=\"async\" src=\"https:\/\/garagetiti63.site\/wp-content\/uploads\/2022\/04\/242546107_108039694966107_325294658854300215_n-1024x503-1.jpg\" alt=\"\" class=\"wp-image-610\" width=\"465\" height=\"228\" srcset=\"https:\/\/garagetiti63.site\/wp-content\/uploads\/2022\/04\/242546107_108039694966107_325294658854300215_n-1024x503-1.jpg 1024w, https:\/\/garagetiti63.site\/wp-content\/uploads\/2022\/04\/242546107_108039694966107_325294658854300215_n-1024x503-1-300x147.jpg 300w, https:\/\/garagetiti63.site\/wp-content\/uploads\/2022\/04\/242546107_108039694966107_325294658854300215_n-1024x503-1-768x377.jpg 768w\" sizes=\"(max-width: 465px) 100vw, 465px\" \/><\/figure>\n<\/div>\n<\/div>\n","protected":false},"excerpt":{"rendered":"<p>Bienvenue dans notre garage de m\u00e9canique moto et voiture, ouvert depuis mars 2021 ! Notre entreprise passionn\u00e9e et professionnelle offre des services complets d&rsquo;entretien et de r\u00e9paration pour les motos et les voitures de tous types. Avec notre \u00e9quipe exp\u00e9riment\u00e9e de m\u00e9canicien qualifi\u00e9 et notre \u00e9quipement de pointe, nous sommes pr\u00eats \u00e0 prendre soin de [&hellip;]<\/p>\n","protected":false},"author":1,"featured_media":0,"parent":0,"menu_order":0,"comment_status":"closed","ping_status":"closed","template":"","meta":{"footnotes":"","_glsr_average":0,"_glsr_ranking":0,"_glsr_reviews":0},"_links":{"self":[{"href":"https:\/\/garagetiti63.site\/index.php\/wp-json\/wp\/v2\/pages\/283"}],"collection":[{"href":"https:\/\/garagetiti63.site\/index.php\/wp-json\/wp\/v2\/pages"}],"about":[{"href":"https:\/\/garagetiti63.site\/index.php\/wp-json\/wp\/v2\/types\/page"}],"author":[{"embeddable":true,"href":"https:\/\/garagetiti63.site\/index.php\/wp-json\/wp\/v2\/users\/1"}],"replies":[{"embeddable":true,"href":"https:\/\/garagetiti63.site\/index.php\/wp-json\/wp\/v2\/comments?post=283"}],"version-history":[{"count":30,"href":"https:\/\/garagetiti63.site\/index.php\/wp-json\/wp\/v2\/pages\/283\/revisions"}],"predecessor-version":[{"id":735,"href":"https:\/\/garagetiti63.site\/index.php\/wp-json\/wp\/v2\/pages\/283\/revisions\/735"}],"wp:attachment":[{"href":"https:\/\/garagetiti63.site\/index.php\/wp-json\/wp\/v2\/media?parent=283"}],"curies":[{"name":"wp","href":"https:\/\/api.w.org\/{rel}","templated":true}]}}